{"id":2356,"date":"2025-10-07T15:49:58","date_gmt":"2025-10-07T15:49:58","guid":{"rendered":"https:\/\/castellgardenylleida.com\/?page_id=2356"},"modified":"2025-10-29T09:22:09","modified_gmt":"2025-10-29T09:22:09","slug":"i-jornada-tecnica","status":"publish","type":"page","link":"https:\/\/castellgardenylleida.com\/ca\/i-jornada-tecnica\/","title":{"rendered":"I JORNADA T\u00c8CNICA DE GARDENY"},"content":{"rendered":"<div class=\"wpb-content-wrapper\"><div class=\"vc_row wpb_row vc_row-fluid shape_divider_top-none shape_divider_bottom-none\"><div class=\"wpb_column vc_column_container vc_col-sm-12 sc_layouts_column_icons_position_left\"><div class=\"vc_column-inner\"><div class=\"wpb_wrapper\"><div class=\"vc_empty_space\"   style=\"height: 60px\"><span class=\"vc_empty_space_inner\"><\/span><\/div><div class=\"vc_empty_space  hide_on_desktop hide_on_notebook hide_on_tablet\"   style=\"height: 450px\"><span class=\"vc_empty_space_inner\"><\/span><\/div>\n\t<div class=\"wpb_text_column wpb_content_element vc_custom_1760605767770\" >\n\t\t<div class=\"wpb_wrapper\">\n\t\t\t<h3 class=\"trx_addons_no_margin wp-block-heading\" style=\"text-align: left;\">I JORNADA T\u00c8CNICA DE GARDENY<\/h3>\n\n\t\t<\/div>\n\t<\/div>\n<div class=\"vc_empty_space\"   style=\"height: 5px\"><span class=\"vc_empty_space_inner\"><\/span><\/div>\n\t<div class=\"wpb_text_column wpb_content_element\" >\n\t\t<div class=\"wpb_wrapper\">\n\t\t\t<h5 class=\"wp-block-heading\">Gardeny, t&#8217;estimoni actiu de la hist\u00f2ria de Lleida.<\/h5>\n\n\t\t<\/div>\n\t<\/div>\n<div class=\"vc_empty_space\"   style=\"height: 25px\"><span class=\"vc_empty_space_inner\"><\/span><\/div>\n\t<div  class=\"wpb_single_image wpb_content_element vc_align_left wpb_content_element\">\n\t\t\n\t\t<figure class=\"wpb_wrapper vc_figure\">\n\t\t\t<div class=\"vc_single_image-wrapper   vc_box_border_grey\"><img decoding=\"async\" width=\"1810\" height=\"2560\" data-src=\"https:\/\/castellgardenylleida.com\/wp-content\/smush-webp\/2025\/10\/AN_Cartell_JT_Gardeny_2025_web-scaled.jpg.webp\" class=\"vc_single_image-img attachment-full lazyload\" alt=\"\" title=\"AN_Cartell_JT_Gardeny_2025_web\" data-srcset=\"https:\/\/castellgardenylleida.com\/wp-content\/smush-webp\/2025\/10\/AN_Cartell_JT_Gardeny_2025_web-scaled.jpg.webp 1810w, https:\/\/castellgardenylleida.com\/wp-content\/smush-webp\/2025\/10\/AN_Cartell_JT_Gardeny_2025_web-212x300.jpg.webp 212w, https:\/\/castellgardenylleida.com\/wp-content\/smush-webp\/2025\/10\/AN_Cartell_JT_Gardeny_2025_web-724x1024.jpg.webp 724w, https:\/\/castellgardenylleida.com\/wp-content\/smush-webp\/2025\/10\/AN_Cartell_JT_Gardeny_2025_web-768x1086.jpg.webp 768w, https:\/\/castellgardenylleida.com\/wp-content\/smush-webp\/2025\/10\/AN_Cartell_JT_Gardeny_2025_web-1086x1536.jpg.webp 1086w, https:\/\/castellgardenylleida.com\/wp-content\/smush-webp\/2025\/10\/AN_Cartell_JT_Gardeny_2025_web-1448x2048.jpg.webp 1448w, https:\/\/castellgardenylleida.com\/wp-content\/smush-webp\/2025\/10\/AN_Cartell_JT_Gardeny_2025_web-8x12.jpg.webp 8w, https:\/\/castellgardenylleida.com\/wp-content\/smush-webp\/2025\/10\/AN_Cartell_JT_Gardeny_2025_web-370x523.jpg.webp 370w, https:\/\/castellgardenylleida.com\/wp-content\/smush-webp\/2025\/10\/AN_Cartell_JT_Gardeny_2025_web-760x1075.jpg.webp 760w, https:\/\/castellgardenylleida.com\/wp-content\/smush-webp\/2025\/10\/AN_Cartell_JT_Gardeny_2025_web-1520x2150.jpg.webp 1520w, https:\/\/castellgardenylleida.com\/wp-content\/smush-webp\/2025\/10\/AN_Cartell_JT_Gardeny_2025_web-740x1047.jpg.webp 740w\" data-sizes=\"(max-width: 1810px) 100vw, 1810px\" src=\"data:image\/gif;base64,R0lGODlhAQABAAAAACH5BAEKAAEALAAAAAABAAEAAAICTAEAOw==\" style=\"--smush-placeholder-width: 1810px; --smush-placeholder-aspect-ratio: 1810\/2560;\" data-smush-webp-fallback=\"{&quot;data-src&quot;:&quot;https:\\\/\\\/castellgardenylleida.com\\\/wp-content\\\/uploads\\\/2025\\\/10\\\/AN_Cartell_JT_Gardeny_2025_web-scaled.jpg&quot;,&quot;data-srcset&quot;:&quot;https:\\\/\\\/castellgardenylleida.com\\\/wp-content\\\/uploads\\\/2025\\\/10\\\/AN_Cartell_JT_Gardeny_2025_web-scaled.jpg 1810w, https:\\\/\\\/castellgardenylleida.com\\\/wp-content\\\/uploads\\\/2025\\\/10\\\/AN_Cartell_JT_Gardeny_2025_web-212x300.jpg 212w, https:\\\/\\\/castellgardenylleida.com\\\/wp-content\\\/uploads\\\/2025\\\/10\\\/AN_Cartell_JT_Gardeny_2025_web-724x1024.jpg 724w, https:\\\/\\\/castellgardenylleida.com\\\/wp-content\\\/uploads\\\/2025\\\/10\\\/AN_Cartell_JT_Gardeny_2025_web-768x1086.jpg 768w, https:\\\/\\\/castellgardenylleida.com\\\/wp-content\\\/uploads\\\/2025\\\/10\\\/AN_Cartell_JT_Gardeny_2025_web-1086x1536.jpg 1086w, https:\\\/\\\/castellgardenylleida.com\\\/wp-content\\\/uploads\\\/2025\\\/10\\\/AN_Cartell_JT_Gardeny_2025_web-1448x2048.jpg 1448w, https:\\\/\\\/castellgardenylleida.com\\\/wp-content\\\/uploads\\\/2025\\\/10\\\/AN_Cartell_JT_Gardeny_2025_web-8x12.jpg 8w, https:\\\/\\\/castellgardenylleida.com\\\/wp-content\\\/uploads\\\/2025\\\/10\\\/AN_Cartell_JT_Gardeny_2025_web-370x523.jpg 370w, https:\\\/\\\/castellgardenylleida.com\\\/wp-content\\\/uploads\\\/2025\\\/10\\\/AN_Cartell_JT_Gardeny_2025_web-760x1075.jpg 760w, https:\\\/\\\/castellgardenylleida.com\\\/wp-content\\\/uploads\\\/2025\\\/10\\\/AN_Cartell_JT_Gardeny_2025_web-1520x2150.jpg 1520w, https:\\\/\\\/castellgardenylleida.com\\\/wp-content\\\/uploads\\\/2025\\\/10\\\/AN_Cartell_JT_Gardeny_2025_web-740x1047.jpg 740w&quot;}\" \/><\/div>\n\t\t<\/figure>\n\t<\/div>\n<\/div><\/div><\/div><\/div><div class=\"vc_row wpb_row vc_row-fluid shape_divider_top-none shape_divider_bottom-none\"><div class=\"wpb_column vc_column_container vc_col-sm-12 sc_layouts_column_icons_position_left\"><div class=\"vc_column-inner\"><div class=\"wpb_wrapper\"><div class=\"vc_empty_space\"   style=\"height: 25px\"><span class=\"vc_empty_space_inner\"><\/span><\/div>\n\t<div class=\"wpb_text_column wpb_content_element\" >\n\t\t<div class=\"wpb_wrapper\">\n\t\t\t<h5 class=\"trx_addons_no_margin wp-block-heading\"><span style=\"color: #620201;\">Inscripci\u00f3 gratu\u00efta<\/span><\/h5>\n\n\t\t<\/div>\n\t<\/div>\n\n<div class=\"wpcf7 no-js\" id=\"wpcf7-f2355-o1\" lang=\"es-ES\" dir=\"ltr\" data-wpcf7-id=\"2355\">\n<div class=\"screen-reader-response\"><p role=\"status\" aria-live=\"polite\" aria-atomic=\"true\"><\/p> <ul><\/ul><\/div>\n<form action=\"\/ca\/wp-json\/wp\/v2\/pages\/2356#wpcf7-f2355-o1\" method=\"post\" class=\"wpcf7-form init\" aria-label=\"Formulario de contacto\" novalidate=\"novalidate\" data-status=\"init\" data-trp-original-action=\"\/ca\/wp-json\/wp\/v2\/pages\/2356#wpcf7-f2355-o1\">\n<div style=\"display: none;\">\n<input type=\"hidden\" name=\"_wpcf7\" value=\"2355\" \/>\n<input type=\"hidden\" name=\"_wpcf7_version\" value=\"6.0.5\" \/>\n<input type=\"hidden\" name=\"_wpcf7_locale\" value=\"es_ES\" \/>\n<input type=\"hidden\" name=\"_wpcf7_unit_tag\" value=\"wpcf7-f2355-o1\" \/>\n<input type=\"hidden\" name=\"_wpcf7_container_post\" value=\"0\" \/>\n<input type=\"hidden\" name=\"_wpcf7_posted_data_hash\" value=\"\" \/>\n<input type=\"hidden\" name=\"_wpcf7_recaptcha_response\" value=\"\" \/>\n<\/div>\n<div style=\"text-align: left;\">\n\t<div style=\"display: flex; gap: 20px; margin-bottom: 15px;\">\n\t\t<p><label style=\"flex: 1;\">Nom y Cognoms:<br \/>\n<span class=\"wpcf7-form-control-wrap\" data-name=\"nom\"><input size=\"40\" maxlength=\"400\" class=\"wpcf7-form-control wpcf7-text wpcf7-validates-as-required\" aria-required=\"true\" aria-invalid=\"false\" value=\"\" type=\"text\" name=\"nom\" \/><\/span><\/label><br \/>\n<label style=\"flex: 1;\">Tel\u00e8fon fix\/m\u00f2bil:<br \/>\n<span class=\"wpcf7-form-control-wrap\" data-name=\"telefon\"><input size=\"40\" maxlength=\"400\" class=\"wpcf7-form-control wpcf7-text wpcf7-validates-as-required\" aria-required=\"true\" aria-invalid=\"false\" value=\"\" type=\"text\" name=\"telefon\" \/><\/span><\/label><br \/>\n<label style=\"flex: 1;\">Adre\u00e7a electr\u00f2nica:<br \/>\n<span class=\"wpcf7-form-control-wrap\" data-name=\"email\"><input size=\"40\" maxlength=\"400\" class=\"wpcf7-form-control wpcf7-email wpcf7-validates-as-required wpcf7-text wpcf7-validates-as-email\" aria-required=\"true\" aria-invalid=\"false\" value=\"\" type=\"email\" name=\"email\" \/><\/span><\/label>\n\t\t<\/p>\n\t<\/div>\n\t<p><input class=\"wpcf7-form-control wpcf7-submit has-spinner\" type=\"submit\" value=\"Inscriure&#039;m\" \/>\n\t<\/p>\n<\/div><div class=\"wpcf7-response-output\" aria-hidden=\"true\"><\/div>\n<input type=\"hidden\" name=\"trp-form-language\" value=\"ca\"\/><\/form>\n<\/div>\n<div class=\"vc_empty_space\"   style=\"height: 25px\"><span class=\"vc_empty_space_inner\"><\/span><\/div>\n\t<div class=\"wpb_text_column wpb_content_element\" >\n\t\t<div class=\"wpb_wrapper\">\n\t\t\t<h3 class=\"wp-block-heading\">Programa<\/h3>\n<p><span style=\"color: #620201;\">9.00 \u2013 9.30 h \u2013<\/span> <big>Acreditacions<\/big><\/p>\n<p><span style=\"color: #620201;\">9.30 \u2013 10.00 h \u2013<\/span> <big>Inauguraci\u00f3<\/big><\/p>\n<p><span style=\"color: #000000;\">Pilar Bosch<\/span>, regidora de Cultura i Turisme.<br \/><span style=\"color: #000000;\">Joan Busqueta<\/span>, Vicerector de Cultura i Extensi\u00f3 Universit\u00e0ria.<br \/><span style=\"color: #000000;\">\u00d2scar Ardiaca,<\/span> president de l\u2019Associaci\u00f3 Cultural Castell de Gardeny.<\/p>\n<p><span style=\"color: #620201;\">10.00 \u2013 10.30 h \u2013<\/span> <big>Pon\u00e8ncia inaugural. Gardeny, testimoni actiu de la hist\u00f2ria de Lleida<\/big><\/p>\n<p><span style=\"color: #000000;\">Joan-Ramon Gonz\u00e1lez P\u00e9rez,<\/span> arque\u00f2leg i membre de l\u2019Associaci\u00f3 Cultural Castell de Gardeny.<\/p>\n<p><span style=\"color: #620201;\">10.30 \u2013 11.00 h \u2013<\/span> <big>Geologia i evoluci\u00f3 morfol\u00f2gica del tossal de Gardeny<\/big><\/p>\n<p><span style=\"color: #000000;\">Jos\u00e9 Luis Pe\u00f1a Monn\u00e9,<\/span> catedr\u00e0tic jubilat de Geografia F\u00edsica i membre de la Real Academia de Ciencias de Zaragoza.<\/p>\n<p><span style=\"color: #620201;\">11.00 \u2013 11.30 h \u2013<\/span><big> Patrimoni bot\u00e0nic del tossal de Gardeny<\/big><\/p>\n<p><span style=\"color: #000000;\">Josep Antoni Conesa Mor,<\/span> professor de l\u2019ETSEAFIV de la Universitat de Lleida i membre de la Secci\u00f3 de Bot\u00e0nica de l\u2019Institut d\u2019Estudis Ilerdencs.<br \/><span style=\"color: #000000;\">Joan Pedrol Solanes,<\/span> membre de la Secci\u00f3 de Bot\u00e0nica de l\u2019Institut d\u2019Estudis Ilerdencs.<\/p>\n<p><span style=\"color: #620201;\">11.30 \u2013 12.00 h \u2013<\/span> <big>Pausa caf\u00e8<\/big><\/p>\n<p><span style=\"color: #620201;\">12.00 \u2013 12.30 h \u2013<\/span> <big>L\u2019aparici\u00f3 dels ordes militars: el context<\/big><\/p>\n<p><span style=\"color: #000000;\">Joan J. Busqueta Riu,<\/span> professor d\u2019Hist\u00f2ria Medieval de la Universitat de Lleida.<\/p>\n<p><span style=\"color: #620201;\">12.30 \u2013 13.00 h \u2013<\/span><big> Templers i Hospitalers a Gardeny<\/big><\/p>\n<p><span style=\"color: #000000;\">Joan Fuguet Sans,<\/span> historiador.<br \/><span style=\"color: #000000;\">Carme Plaza Arqu\u00e9,<\/span> historiadora.<\/p>\n<p><span style=\"color: #620201;\">13.00 \u2013 13.30 h \u2013<\/span> <big>Gardeny, dels militars a la ciutat<\/big><\/p>\n<p><span style=\"color: #000000;\">Josep Maria Llop Torn\u00e9,<\/span> arquitecte.<\/p>\n<p><span style=\"color: #620201;\">13.30 \u2013 14.00 h \u2013<\/span> <big>Col\u00b7loqui<\/big><\/p>\n<p><span style=\"color: #620201;\">14.00 \u2013 16.00 h \u2013<\/span> <big>Dinar. Preu 15\u20ac<\/big><\/p>\n<p><span style=\"color: #620201;\">16.00 \u2013 17.00 h \u2013<\/span> <big>Visita guiada. El Centre d\u2019Interpretaci\u00f3 del m\u00f3n templer de Gardeny<\/big><\/p>\n<p><span style=\"color: #000000;\">Xavier Eritja Ciur\u00f3, <\/span>historiador.<br \/><span style=\"color: #000000;\">Carles Sa\u00e9z Llorca,<\/span> arquitecte.<br \/><span style=\"color: #000000;\">Xavier Pay\u00e0 Merc\u00e9,<\/span> arque\u00f2leg de la Secci\u00f3 d\u2019Arqueologia de la Paeria.<\/p>\n<p><span style=\"color: #620201;\">17.00 \u2013 18.00 h \u2013<\/span> <big>Taula rodona. Gardeny avui i dem\u00e0<\/big><\/p>\n<p><span style=\"color: #000000;\">Olga Paz Corbella,<\/span> divulgadora de Patrimoni.<br \/><span style=\"color: #000000;\">\u00d2scar Ardiaca Mel\u00e9,<\/span> president de l\u2019Associaci\u00f3 Cultural Castell de Gardeny.<br \/><span style=\"color: #000000;\">Ramon Roy,<\/span> membre de l\u2019 Associaci\u00f3 Cultural Castell de Gardeny<br \/><span style=\"color: #000000;\">Xus Llavero Porcel,<\/span> arxivera i membre de l\u2019Associaci\u00f3 Cultural Castell de Gardeny (moderadora).<\/p>\n<p><span style=\"color: #620201;\">18.00 \u2013 18.15 h \u2013 <\/span><big>Conclusions-Comiat<\/big><\/p>\n\n\t\t<\/div>\n\t<\/div>\n<div class=\"vc_empty_space\"   style=\"height: 25px\"><span class=\"vc_empty_space_inner\"><\/span><\/div><\/div><\/div><\/div><\/div><div data-vc-full-width=\"true\" data-vc-full-width-init=\"false\" data-vc-stretch-content=\"true\" class=\"vc_row wpb_row vc_row-fluid vc_custom_1761044275681 vc_row-has-fill shape_divider_top-none shape_divider_bottom-none scheme_dark\"><div class=\"wpb_column vc_column_container vc_col-sm-12 vc_col-has-fill sc_layouts_column_icons_position_left\"><div class=\"vc_column-inner vc_custom_1761044127722\"><div class=\"wpb_wrapper\"><div class=\"vc_empty_space\"   style=\"height: 4.1rem\"><span class=\"vc_empty_space_inner\"><\/span><\/div><div  id=\"sc_layouts_282188822\"\t\tclass=\"sc_layouts sc_layouts_default sc_layouts_376\"><div data-vc-full-width=\"true\" data-vc-full-width-init=\"false\" data-vc-stretch-content=\"true\" class=\"vc_row wpb_row vc_row-fluid vc_custom_1569661657854 vc_row-has-fill vc_row-no-padding shape_divider_top-none shape_divider_bottom-none scheme_dark\"><div class=\"wpb_column vc_column_container vc_col-sm-12 vc_col-md-offset-3 vc_col-md-6 vc_col-has-fill sc_layouts_column_icons_position_left\"><div class=\"vc_column-inner vc_custom_1569428924615\"><div class=\"wpb_wrapper\"><div id=\"sc_title_774897867\"\n\t\tclass=\"sc_title color_style_default sc_title_default festesoci\"><h2 class=\"sc_item_title sc_title_title sc_align_center sc_item_title_style_default sc_item_title_tag\"><\/h2><div class=\"sc_item_button sc_button_wrap sc_align_center\"><a href=\"https:\/\/castellgardenylleida.com\/ca\/fes-te-soci-a\/\" id=\"sc_button_5821780\" class=\"sc_button color_style_default sc_button_default sc_item_button sc_item_button_default sc_title_button sc_button_size_normal sc_button_icon_left\"><span class=\"sc_button_text\"><span class=\"sc_button_title\">Fes-te soci<\/span><\/span><!-- \/.sc_button_text --><\/a><!-- \/.sc_button --><\/div><!-- \/.sc_item_button --><\/div><!-- \/.sc_title --><div class=\"vc_empty_space\"   style=\"height: 4.1rem\"><span class=\"vc_empty_space_inner\"><\/span><\/div><\/div><\/div><\/div><\/div><div class=\"vc_row-full-width vc_clearfix\"><\/div><\/div><\/div><\/div><\/div><\/div><div class=\"vc_row-full-width vc_clearfix\"><\/div><\/div>","protected":false},"excerpt":{"rendered":"Fes-te soci","protected":false},"author":2,"featured_media":0,"parent":0,"menu_order":0,"comment_status":"closed","ping_status":"closed","template":"","meta":{"footnotes":""},"class_list":["post-2356","page","type-page","status-publish","hentry"],"yoast_head":"<!-- This site is optimized with the Yoast SEO plugin v24.8.1 - https:\/\/yoast.com\/wordpress\/plugins\/seo\/ -->\n<title>I JORNADA T\u00c8CNICA DE GARDENY - Castell Gardeny Lleida<\/title>\n<meta name=\"robots\" content=\"index, follow, max-snippet:-1, max-image-preview:large, max-video-preview:-1\" \/>\n<link rel=\"canonical\" href=\"https:\/\/castellgardenylleida.com\/ca\/i-jornada-tecnica\/\" \/>\n<meta property=\"og:locale\" content=\"ca_ES\" \/>\n<meta property=\"og:type\" content=\"article\" \/>\n<meta property=\"og:title\" content=\"I JORNADA T\u00c8CNICA DE GARDENY - Castell Gardeny Lleida\" \/>\n<meta property=\"og:url\" content=\"https:\/\/castellgardenylleida.com\/ca\/i-jornada-tecnica\/\" \/>\n<meta property=\"og:site_name\" content=\"Castell Gardeny Lleida\" \/>\n<meta property=\"article:modified_time\" content=\"2025-10-29T09:22:09+00:00\" \/>\n<meta name=\"twitter:card\" content=\"summary_large_image\" \/>\n<meta name=\"twitter:label1\" content=\"Temps estimat de lectura\" \/>\n\t<meta name=\"twitter:data1\" content=\"2 minuts\" \/>\n<script type=\"application\/ld+json\" class=\"yoast-schema-graph\">{\"@context\":\"https:\/\/schema.org\",\"@graph\":[{\"@type\":\"WebPage\",\"@id\":\"https:\/\/castellgardenylleida.com\/ca\/i-jornada-tecnica\/\",\"url\":\"https:\/\/castellgardenylleida.com\/ca\/i-jornada-tecnica\/\",\"name\":\"I JORNADA T\u00c8CNICA DE GARDENY - Castell Gardeny Lleida\",\"isPartOf\":{\"@id\":\"https:\/\/castellgardenylleida.com\/ca\/#website\"},\"datePublished\":\"2025-10-07T15:49:58+00:00\",\"dateModified\":\"2025-10-29T09:22:09+00:00\",\"breadcrumb\":{\"@id\":\"https:\/\/castellgardenylleida.com\/ca\/i-jornada-tecnica\/#breadcrumb\"},\"inLanguage\":\"ca\",\"potentialAction\":[{\"@type\":\"ReadAction\",\"target\":[\"https:\/\/castellgardenylleida.com\/ca\/i-jornada-tecnica\/\"]}]},{\"@type\":\"BreadcrumbList\",\"@id\":\"https:\/\/castellgardenylleida.com\/ca\/i-jornada-tecnica\/#breadcrumb\",\"itemListElement\":[{\"@type\":\"ListItem\",\"position\":1,\"name\":\"Portada\",\"item\":\"https:\/\/castellgardenylleida.com\/\"},{\"@type\":\"ListItem\",\"position\":2,\"name\":\"I JORNADA T\u00c8CNICA DE GARDENY\"}]},{\"@type\":\"WebSite\",\"@id\":\"https:\/\/castellgardenylleida.com\/ca\/#website\",\"url\":\"https:\/\/castellgardenylleida.com\/ca\/\",\"name\":\"Castell Gardeny Lleida\",\"description\":\"turo de gardeny\",\"publisher\":{\"@id\":\"https:\/\/castellgardenylleida.com\/ca\/#organization\"},\"potentialAction\":[{\"@type\":\"SearchAction\",\"target\":{\"@type\":\"EntryPoint\",\"urlTemplate\":\"https:\/\/castellgardenylleida.com\/ca\/?s={search_term_string}\"},\"query-input\":{\"@type\":\"PropertyValueSpecification\",\"valueRequired\":true,\"valueName\":\"search_term_string\"}}],\"inLanguage\":\"ca\"},{\"@type\":\"Organization\",\"@id\":\"https:\/\/castellgardenylleida.com\/ca\/#organization\",\"name\":\"Castell Gardeny Lleida\",\"url\":\"https:\/\/castellgardenylleida.com\/ca\/\",\"logo\":{\"@type\":\"ImageObject\",\"inLanguage\":\"ca\",\"@id\":\"https:\/\/castellgardenylleida.com\/ca\/#\/schema\/logo\/image\/\",\"url\":\"https:\/\/castellgardenylleida.com\/wp-content\/uploads\/2019\/09\/cropped-LOGOTIP_ACCG_blanc.png\",\"contentUrl\":\"https:\/\/castellgardenylleida.com\/wp-content\/uploads\/2019\/09\/cropped-LOGOTIP_ACCG_blanc.png\",\"width\":500,\"height\":199,\"caption\":\"Castell Gardeny Lleida\"},\"image\":{\"@id\":\"https:\/\/castellgardenylleida.com\/ca\/#\/schema\/logo\/image\/\"}}]}<\/script>\n<!-- \/ Yoast SEO plugin. -->","yoast_head_json":{"title":"I JORNADA T\u00c8CNICA DE GARDENY - Castell Gardeny Lleida","robots":{"index":"index","follow":"follow","max-snippet":"max-snippet:-1","max-image-preview":"max-image-preview:large","max-video-preview":"max-video-preview:-1"},"canonical":"https:\/\/castellgardenylleida.com\/ca\/i-jornada-tecnica\/","og_locale":"ca_ES","og_type":"article","og_title":"I JORNADA T\u00c8CNICA DE GARDENY - Castell Gardeny Lleida","og_url":"https:\/\/castellgardenylleida.com\/ca\/i-jornada-tecnica\/","og_site_name":"Castell Gardeny Lleida","article_modified_time":"2025-10-29T09:22:09+00:00","twitter_card":"summary_large_image","twitter_misc":{"Temps estimat de lectura":"2 minuts"},"schema":{"@context":"https:\/\/schema.org","@graph":[{"@type":"WebPage","@id":"https:\/\/castellgardenylleida.com\/ca\/i-jornada-tecnica\/","url":"https:\/\/castellgardenylleida.com\/ca\/i-jornada-tecnica\/","name":"I JORNADA T\u00c8CNICA DE GARDENY - Castell Gardeny Lleida","isPartOf":{"@id":"https:\/\/castellgardenylleida.com\/ca\/#website"},"datePublished":"2025-10-07T15:49:58+00:00","dateModified":"2025-10-29T09:22:09+00:00","breadcrumb":{"@id":"https:\/\/castellgardenylleida.com\/ca\/i-jornada-tecnica\/#breadcrumb"},"inLanguage":"ca","potentialAction":[{"@type":"ReadAction","target":["https:\/\/castellgardenylleida.com\/ca\/i-jornada-tecnica\/"]}]},{"@type":"BreadcrumbList","@id":"https:\/\/castellgardenylleida.com\/ca\/i-jornada-tecnica\/#breadcrumb","itemListElement":[{"@type":"ListItem","position":1,"name":"Portada","item":"https:\/\/castellgardenylleida.com\/"},{"@type":"ListItem","position":2,"name":"I JORNADA T\u00c8CNICA DE GARDENY"}]},{"@type":"WebSite","@id":"https:\/\/castellgardenylleida.com\/ca\/#website","url":"https:\/\/castellgardenylleida.com\/ca\/","name":"Castell Gardeny Lleida","description":"turo de gardeny","publisher":{"@id":"https:\/\/castellgardenylleida.com\/ca\/#organization"},"potentialAction":[{"@type":"SearchAction","target":{"@type":"EntryPoint","urlTemplate":"https:\/\/castellgardenylleida.com\/ca\/?s={search_term_string}"},"query-input":{"@type":"PropertyValueSpecification","valueRequired":true,"valueName":"search_term_string"}}],"inLanguage":"ca"},{"@type":"Organization","@id":"https:\/\/castellgardenylleida.com\/ca\/#organization","name":"Castell Gardeny Lleida","url":"https:\/\/castellgardenylleida.com\/ca\/","logo":{"@type":"ImageObject","inLanguage":"ca","@id":"https:\/\/castellgardenylleida.com\/ca\/#\/schema\/logo\/image\/","url":"https:\/\/castellgardenylleida.com\/wp-content\/uploads\/2019\/09\/cropped-LOGOTIP_ACCG_blanc.png","contentUrl":"https:\/\/castellgardenylleida.com\/wp-content\/uploads\/2019\/09\/cropped-LOGOTIP_ACCG_blanc.png","width":500,"height":199,"caption":"Castell Gardeny Lleida"},"image":{"@id":"https:\/\/castellgardenylleida.com\/ca\/#\/schema\/logo\/image\/"}}]}},"_links":{"self":[{"href":"https:\/\/castellgardenylleida.com\/ca\/wp-json\/wp\/v2\/pages\/2356","targetHints":{"allow":["GET"]}}],"collection":[{"href":"https:\/\/castellgardenylleida.com\/ca\/wp-json\/wp\/v2\/pages"}],"about":[{"href":"https:\/\/castellgardenylleida.com\/ca\/wp-json\/wp\/v2\/types\/page"}],"author":[{"embeddable":true,"href":"https:\/\/castellgardenylleida.com\/ca\/wp-json\/wp\/v2\/users\/2"}],"replies":[{"embeddable":true,"href":"https:\/\/castellgardenylleida.com\/ca\/wp-json\/wp\/v2\/comments?post=2356"}],"version-history":[{"count":117,"href":"https:\/\/castellgardenylleida.com\/ca\/wp-json\/wp\/v2\/pages\/2356\/revisions"}],"predecessor-version":[{"id":2556,"href":"https:\/\/castellgardenylleida.com\/ca\/wp-json\/wp\/v2\/pages\/2356\/revisions\/2556"}],"wp:attachment":[{"href":"https:\/\/castellgardenylleida.com\/ca\/wp-json\/wp\/v2\/media?parent=2356"}],"curies":[{"name":"wp","href":"https:\/\/api.w.org\/{rel}","templated":true}]}}