{"id":1640,"date":"2019-10-23T01:06:59","date_gmt":"2019-10-23T01:06:59","guid":{"rendered":"http:\/\/castellgardenylleida.com\/?page_id=1640"},"modified":"2019-10-23T09:48:09","modified_gmt":"2019-10-23T09:48:09","slug":"politica-de-cookies","status":"publish","type":"page","link":"https:\/\/castellgardenylleida.com\/ca\/politica-de-cookies\/","title":{"rendered":"Politica de cookies"},"content":{"rendered":"<div class=\"wpb-content-wrapper\"><div class=\"vc_row wpb_row vc_row-fluid shape_divider_top-none shape_divider_bottom-none\"><div class=\"wpb_column vc_column_container vc_col-sm-12 sc_layouts_column_icons_position_left\"><div class=\"vc_column-inner\"><div class=\"wpb_wrapper\"><div class=\"vc_empty_space\"   style=\"height: 32px\"><span class=\"vc_empty_space_inner\"><\/span><\/div>\n\t<div class=\"wpb_text_column wpb_content_element\" >\n\t\t<div class=\"wpb_wrapper\">\n\t\t\t<h1 class=\"wp-block-heading\">POL\u00cdTICA DE COOKIES<\/h1>\n<h3 class=\"wp-block-heading\"><strong>Qu\u00e9 son las cookies<\/strong><\/h3>\n<p>Las cookies son archivos de informaci\u00f3n almacenados en su ordenador, tablet o smartphone que ayudan a las p\u00e1ginas web a recordar qui\u00e9n es usted y la informaci\u00f3n de su visita. Las cookies pueden ayudar a que la informaci\u00f3n se visualice en una p\u00e1gina web de un modo af\u00edn a sus intereses. La mayor\u00eda de las principales p\u00e1ginas web utilizan cookies.<\/p>\n<p>\u00a0<\/p>\n<h3 class=\"wp-block-heading\"><strong>Qu\u00e9 cookies se utilizan en esta p\u00e1gina web<\/strong><\/h3>\n<p>Las cookies que utilizamos en esta p\u00e1gina web se agrupan, a grandes rasgos, en las siguientes categor\u00edas:<\/p>\n<p><strong>Esenciales\u00a0<\/strong>\u2013 Algunas de las cookies de nuestra web son esenciales para que podamos prestarle el servicio que usted ha solicitado. Un ejemplo de ello son las cookies empleadas para permitirle conectarse a su cuenta en la web, colocar productos en su cesta de la compra o las que permiten la comunicaci\u00f3n entre su navegador y la web.<\/p>\n<p><strong>Anal\u00edticas<\/strong>\u00a0\u2013 Utilizamos cookies anal\u00edticas para ayudarnos a comprender qu\u00e9 uso hacen los usuarios de nuestra web. Por ejemplo, nos sirven para contar el n\u00famero de personas diferentes que visitan nuestra web o que utilizan una caracter\u00edstica en concreto, en lugar del n\u00famero total de veces que se utiliza la web o la caracter\u00edstica. Sin esta cookie, si usted visita la web una vez por semana durante tres semanas, le contar\u00edamos como tres usuarios independientes. Sin estas cookies, nos resultar\u00eda muy dif\u00edcil analizar el rendimiento de nuestra web y mejorarla.<\/p>\n<p><strong>Cookies de usuario<\/strong>\u00a0\u2013 Utilizamos cookies para mejorar su experiencia recordando sus preferencias. De este modo, sabemos c\u00f3mo le gusta utilizar nuestra web. Un ejemplo de ello ser\u00eda recordarle, de manera que le ofrezcamos el mismo contenido o recordarle la pr\u00f3xima vez que visite nuestra web.<\/p>\n<p><strong>Interacci\u00f3n social<\/strong>\u00a0\u2013 Utilizamos las cookies para permitirle compartir contenido directamente en las redes sociales, como Facebook, Twitter o Google+. Un ejemplo ser\u00eda cuando usted hace clic en \u201cme gusta\u201d o \u201ctuitea\u201d sobre un negocio o producto anunciado en nuestra web.<\/p>\n<p>\u00a0<\/p>\n<h3 class=\"wp-block-heading\"><strong>\u00bfPuedo rechazar o excluir la recepci\u00f3n de cookies?<\/strong><\/h3>\n<p>Si vd. desea rechazar o excluir la recepci\u00f3n de cookies puede hacer lo siguiente:<\/p>\n<p>\u00a0<\/p>\n<ul class=\"wp-block-list\">\n<li>Borre las cookies de su navegador. La mayor\u00eda de los navegadores le permiten evitar el almacenamiento en su equipo de todas las cookies o de algunas en lo sucesivo. Para m\u00e1s informaci\u00f3n sobre c\u00f3mo borrar o deshabilitar las cookies desde su navegador, utilice el men\u00fa de \u201cayuda\u201d del navegador.<\/li>\n<li>Si solo quiere rechazar todas o algunas de las cookies de terceros, deber\u00e1 visitar directamente la web del tercero pertinente para gestionar las cookies que este almacena en su equipo. Consulte nuestra secci\u00f3n \u201cCookies de terceros\u201d<\/li>\n<li>Tenga en cuenta que el hecho de deshabilitar las cookies puede afectar a las prestaciones de esta web.<\/li>\n<\/ul>\n<p>\u00a0<\/p>\n<h3 class=\"wp-block-heading\"><strong>Cookies de terceros:<\/strong><\/h3>\n<p>Algunas de las cookies incluidas en las categor\u00edas de cookies descritas anteriormente las almacenan terceros en su equipo cuando usted utiliza nuestra web. No tenemos control alguno sobre estas cookies o el modo en que las utilizan los terceros. Se utilizan para permitir al tercero prestarnos un servicio, por ejemplo, de an\u00e1lisis.<\/p>\n<p>Para m\u00e1s informaci\u00f3n sobre estas cookies y sobre c\u00f3mo deshabilitarlas, vea la pol\u00edtica de privacidad individual de terceros que figura a continuaci\u00f3n:<\/p>\n<p><strong>Adobe\/Omniture<\/strong><br \/>Tipo y finalidad: Anal\u00edticas<br \/>Omniture proporciona datos an\u00f3nimos sobre las visitas a nuestra web y nos permite hacer pruebas y evaluar la mejor manera de presentar la web a nuestros usuarios.<br \/>M\u00e1s informaci\u00f3n y desactivaci\u00f3n:\u00a0<a href=\"http:\/\/www.adobe.com\/privacy\/analytics.html\" target=\"_blank\" rel=\"noreferrer noopener\">http:\/\/www.adobe.com\/privacy\/analytics.html<\/a><\/p>\n<p><strong>Addthis<\/strong><br \/>Tipo y finalidad: Interacci\u00f3n social Addthis permite que la web sea compartida en redes sociales como Google +, Facebook, etc.<br \/>M\u00e1s informaci\u00f3n y desactivaci\u00f3n:\u00a0<a href=\"http:\/\/www.addthis.com\/privacy\/privacy-policy\" target=\"_blank\" rel=\"noreferrer noopener\">http:\/\/www.addthis.com\/privacy\/privacy-policy<\/a><\/p>\n<p><strong>Google<\/strong><br \/>Tipo y finalidad: Ubicaci\u00f3n<br \/>Google Maps proporciona un servicio de mapas. Registra el origen del usuario y las keywords utilizadas. Genera un prefijo \u00fanico con fines anal\u00edticos.<br \/>Tipo y finalidad: Anal\u00edticas<br \/>Google proporciona datos an\u00f3nimos sobre las visitas a la p\u00e1gina web.<br \/>Tipo y finalidad: V\u00eddeos<br \/>Youtube permite la subida y visualizaci\u00f3n de v\u00eddeos. Utiliza cookies para medir las visualizaciones o registrar eventos.<br \/>Tipo y finalidad: Interacci\u00f3n Social<br \/>Google permite que la informaci\u00f3n de la WEB sea compartida en su red social, Google +<br \/>M\u00e1s informaci\u00f3n y desactivaci\u00f3n:<br \/><a href=\"http:\/\/www.google.com\/policies\/privacy\/\" target=\"_blank\" rel=\"noreferrer noopener\">http:\/\/www.google.com\/policies\/privacy\/<\/a><br \/><a href=\"https:\/\/developers.google.com\/analytics\/devguides\/collection\/analyticsjs\/cookie-usage?hl=es\" target=\"_blank\" rel=\"noreferrer noopener\">https:\/\/developers.google.com\/analytics\/devguides\/collection\/analyticsjs\/cookie-usage?hl=es<\/a><\/p>\n<p><strong>WebsPlanet<\/strong><br \/>Tipo y finalidad: Esenciales y de usuario<br \/>WebsPlanet utiliza cookies que permiten recordar el idioma de preferencia del usuario y le permiten mantener su sesi\u00f3n<br \/>Esta p\u00e1gina web puede incluir adicionalmente otras cookies de redes sociales.<br \/>Nos reservamos el derecho a actualizar oportunamente esta pol\u00edtica, por lo que puede que desee comprobarla cada vez que visite nuestra web. La presente pol\u00edtica fue modificada por \u00faltima vez el 22 de Septiembre de 2019.<\/p>\n<p>\u00a9 Todos los derechos reservados. Septiembre 2019.<\/p>\n<p>&nbsp;<\/p>\n\n\t\t<\/div>\n\t<\/div>\n<\/div><\/div><\/div><\/div><\/div>","protected":false},"excerpt":{"rendered":"POL\u00cdTICA DE COOKIES Qu\u00e9 son las cookies Las cookies son archivos de informaci\u00f3n almacenados en su ordenador, tablet o smartphone que ayudan a las p\u00e1ginas web a recordar qui\u00e9n es usted y la informaci\u00f3n de&hellip;","protected":false},"author":1,"featured_media":0,"parent":0,"menu_order":0,"comment_status":"closed","ping_status":"closed","template":"","meta":{"footnotes":""},"class_list":["post-1640","page","type-page","status-publish","hentry"],"yoast_head":"<!-- This site is optimized with the Yoast SEO plugin v24.8.1 - https:\/\/yoast.com\/wordpress\/plugins\/seo\/ -->\n<title>Politica de cookies - Castell Gardeny Lleida<\/title>\n<meta name=\"robots\" content=\"index, follow, max-snippet:-1, max-image-preview:large, max-video-preview:-1\" \/>\n<link rel=\"canonical\" href=\"https:\/\/castellgardenylleida.com\/ca\/politica-de-cookies\/\" \/>\n<meta property=\"og:locale\" content=\"ca_ES\" \/>\n<meta property=\"og:type\" content=\"article\" \/>\n<meta property=\"og:title\" content=\"Politica de cookies - Castell Gardeny Lleida\" \/>\n<meta property=\"og:url\" content=\"https:\/\/castellgardenylleida.com\/ca\/politica-de-cookies\/\" \/>\n<meta property=\"og:site_name\" content=\"Castell Gardeny Lleida\" \/>\n<meta property=\"article:modified_time\" content=\"2019-10-23T09:48:09+00:00\" \/>\n<meta name=\"twitter:card\" content=\"summary_large_image\" \/>\n<meta name=\"twitter:label1\" content=\"Temps estimat de lectura\" \/>\n\t<meta name=\"twitter:data1\" content=\"4 minuts\" \/>\n<script type=\"application\/ld+json\" class=\"yoast-schema-graph\">{\"@context\":\"https:\/\/schema.org\",\"@graph\":[{\"@type\":\"WebPage\",\"@id\":\"https:\/\/castellgardenylleida.com\/ca\/politica-de-cookies\/\",\"url\":\"https:\/\/castellgardenylleida.com\/ca\/politica-de-cookies\/\",\"name\":\"Politica de cookies - Castell Gardeny Lleida\",\"isPartOf\":{\"@id\":\"https:\/\/castellgardenylleida.com\/ca\/#website\"},\"datePublished\":\"2019-10-23T01:06:59+00:00\",\"dateModified\":\"2019-10-23T09:48:09+00:00\",\"breadcrumb\":{\"@id\":\"https:\/\/castellgardenylleida.com\/ca\/politica-de-cookies\/#breadcrumb\"},\"inLanguage\":\"ca\",\"potentialAction\":[{\"@type\":\"ReadAction\",\"target\":[\"https:\/\/castellgardenylleida.com\/ca\/politica-de-cookies\/\"]}]},{\"@type\":\"BreadcrumbList\",\"@id\":\"https:\/\/castellgardenylleida.com\/ca\/politica-de-cookies\/#breadcrumb\",\"itemListElement\":[{\"@type\":\"ListItem\",\"position\":1,\"name\":\"Portada\",\"item\":\"https:\/\/castellgardenylleida.com\/\"},{\"@type\":\"ListItem\",\"position\":2,\"name\":\"Politica de cookies\"}]},{\"@type\":\"WebSite\",\"@id\":\"https:\/\/castellgardenylleida.com\/ca\/#website\",\"url\":\"https:\/\/castellgardenylleida.com\/ca\/\",\"name\":\"Castell Gardeny Lleida\",\"description\":\"turo de gardeny\",\"publisher\":{\"@id\":\"https:\/\/castellgardenylleida.com\/ca\/#organization\"},\"potentialAction\":[{\"@type\":\"SearchAction\",\"target\":{\"@type\":\"EntryPoint\",\"urlTemplate\":\"https:\/\/castellgardenylleida.com\/ca\/?s={search_term_string}\"},\"query-input\":{\"@type\":\"PropertyValueSpecification\",\"valueRequired\":true,\"valueName\":\"search_term_string\"}}],\"inLanguage\":\"ca\"},{\"@type\":\"Organization\",\"@id\":\"https:\/\/castellgardenylleida.com\/ca\/#organization\",\"name\":\"Castell Gardeny Lleida\",\"url\":\"https:\/\/castellgardenylleida.com\/ca\/\",\"logo\":{\"@type\":\"ImageObject\",\"inLanguage\":\"ca\",\"@id\":\"https:\/\/castellgardenylleida.com\/ca\/#\/schema\/logo\/image\/\",\"url\":\"https:\/\/castellgardenylleida.com\/wp-content\/uploads\/2019\/09\/cropped-LOGOTIP_ACCG_blanc.png\",\"contentUrl\":\"https:\/\/castellgardenylleida.com\/wp-content\/uploads\/2019\/09\/cropped-LOGOTIP_ACCG_blanc.png\",\"width\":500,\"height\":199,\"caption\":\"Castell Gardeny Lleida\"},\"image\":{\"@id\":\"https:\/\/castellgardenylleida.com\/ca\/#\/schema\/logo\/image\/\"}}]}<\/script>\n<!-- \/ Yoast SEO plugin. -->","yoast_head_json":{"title":"Politica de cookies - Castell Gardeny Lleida","robots":{"index":"index","follow":"follow","max-snippet":"max-snippet:-1","max-image-preview":"max-image-preview:large","max-video-preview":"max-video-preview:-1"},"canonical":"https:\/\/castellgardenylleida.com\/ca\/politica-de-cookies\/","og_locale":"ca_ES","og_type":"article","og_title":"Politica de cookies - Castell Gardeny Lleida","og_url":"https:\/\/castellgardenylleida.com\/ca\/politica-de-cookies\/","og_site_name":"Castell Gardeny Lleida","article_modified_time":"2019-10-23T09:48:09+00:00","twitter_card":"summary_large_image","twitter_misc":{"Temps estimat de lectura":"4 minuts"},"schema":{"@context":"https:\/\/schema.org","@graph":[{"@type":"WebPage","@id":"https:\/\/castellgardenylleida.com\/ca\/politica-de-cookies\/","url":"https:\/\/castellgardenylleida.com\/ca\/politica-de-cookies\/","name":"Politica de cookies - Castell Gardeny Lleida","isPartOf":{"@id":"https:\/\/castellgardenylleida.com\/ca\/#website"},"datePublished":"2019-10-23T01:06:59+00:00","dateModified":"2019-10-23T09:48:09+00:00","breadcrumb":{"@id":"https:\/\/castellgardenylleida.com\/ca\/politica-de-cookies\/#breadcrumb"},"inLanguage":"ca","potentialAction":[{"@type":"ReadAction","target":["https:\/\/castellgardenylleida.com\/ca\/politica-de-cookies\/"]}]},{"@type":"BreadcrumbList","@id":"https:\/\/castellgardenylleida.com\/ca\/politica-de-cookies\/#breadcrumb","itemListElement":[{"@type":"ListItem","position":1,"name":"Portada","item":"https:\/\/castellgardenylleida.com\/"},{"@type":"ListItem","position":2,"name":"Politica de cookies"}]},{"@type":"WebSite","@id":"https:\/\/castellgardenylleida.com\/ca\/#website","url":"https:\/\/castellgardenylleida.com\/ca\/","name":"Castell Gardeny Lleida","description":"turo de gardeny","publisher":{"@id":"https:\/\/castellgardenylleida.com\/ca\/#organization"},"potentialAction":[{"@type":"SearchAction","target":{"@type":"EntryPoint","urlTemplate":"https:\/\/castellgardenylleida.com\/ca\/?s={search_term_string}"},"query-input":{"@type":"PropertyValueSpecification","valueRequired":true,"valueName":"search_term_string"}}],"inLanguage":"ca"},{"@type":"Organization","@id":"https:\/\/castellgardenylleida.com\/ca\/#organization","name":"Castell Gardeny Lleida","url":"https:\/\/castellgardenylleida.com\/ca\/","logo":{"@type":"ImageObject","inLanguage":"ca","@id":"https:\/\/castellgardenylleida.com\/ca\/#\/schema\/logo\/image\/","url":"https:\/\/castellgardenylleida.com\/wp-content\/uploads\/2019\/09\/cropped-LOGOTIP_ACCG_blanc.png","contentUrl":"https:\/\/castellgardenylleida.com\/wp-content\/uploads\/2019\/09\/cropped-LOGOTIP_ACCG_blanc.png","width":500,"height":199,"caption":"Castell Gardeny Lleida"},"image":{"@id":"https:\/\/castellgardenylleida.com\/ca\/#\/schema\/logo\/image\/"}}]}},"_links":{"self":[{"href":"https:\/\/castellgardenylleida.com\/ca\/wp-json\/wp\/v2\/pages\/1640","targetHints":{"allow":["GET"]}}],"collection":[{"href":"https:\/\/castellgardenylleida.com\/ca\/wp-json\/wp\/v2\/pages"}],"about":[{"href":"https:\/\/castellgardenylleida.com\/ca\/wp-json\/wp\/v2\/types\/page"}],"author":[{"embeddable":true,"href":"https:\/\/castellgardenylleida.com\/ca\/wp-json\/wp\/v2\/users\/1"}],"replies":[{"embeddable":true,"href":"https:\/\/castellgardenylleida.com\/ca\/wp-json\/wp\/v2\/comments?post=1640"}],"version-history":[{"count":3,"href":"https:\/\/castellgardenylleida.com\/ca\/wp-json\/wp\/v2\/pages\/1640\/revisions"}],"predecessor-version":[{"id":1653,"href":"https:\/\/castellgardenylleida.com\/ca\/wp-json\/wp\/v2\/pages\/1640\/revisions\/1653"}],"wp:attachment":[{"href":"https:\/\/castellgardenylleida.com\/ca\/wp-json\/wp\/v2\/media?parent=1640"}],"curies":[{"name":"wp","href":"https:\/\/api.w.org\/{rel}","templated":true}]}}