{"id":1306,"date":"2019-09-27T04:25:14","date_gmt":"2019-09-27T04:25:14","guid":{"rendered":"http:\/\/castellgardenylleida.com\/?page_id=1306"},"modified":"2025-10-02T10:58:20","modified_gmt":"2025-10-02T10:58:20","slug":"visites-guiades","status":"publish","type":"page","link":"https:\/\/castellgardenylleida.com\/ca\/visites-guiades\/","title":{"rendered":"VISITES"},"content":{"rendered":"<div class=\"wpb-content-wrapper\"><div data-vc-full-width=\"true\" data-vc-full-width-init=\"false\" class=\"vc_row wpb_row vc_row-fluid vc_custom_1569669229900 vc_row-has-fill shape_divider_top-none shape_divider_bottom-none\"><div class=\"wpb_column vc_column_container vc_col-sm-12 sc_layouts_column_icons_position_left\"><div class=\"vc_column-inner\"><div class=\"wpb_wrapper\"><div  id=\"#slid1\"\t\tclass=\"sc_layouts sc_layouts_default sc_layouts_783\"><div class=\"vc_row wpb_row vc_row-fluid shape_divider_top-none shape_divider_bottom-none\"><div class=\"wpb_column vc_column_container vc_col-sm-12 sc_layouts_column_icons_position_left\"><div class=\"vc_column-inner\"><div class=\"wpb_wrapper\"><div class=\"vc_empty_space\"   style=\"height: 8rem\"><span class=\"vc_empty_space_inner\"><\/span><\/div><\/div><\/div><\/div><\/div><div class=\"vc_row wpb_row vc_row-fluid shape_divider_top-none shape_divider_bottom-none\"><div class=\"wpb_column vc_column_container vc_col-sm-12 sc_layouts_column_icons_position_left\"><div class=\"vc_column-inner\"><div class=\"wpb_wrapper\"><div id=\"sc_title_181991749\"\n\t\tclass=\"sc_title color_style_default sc_title_default\"><h2 class=\"sc_item_title sc_title_title sc_align_center sc_item_title_style_default\">HORARIS VISITA<\/h2><\/div><!-- \/.sc_title --><div class=\"vc_empty_space\"   style=\"height: 4rem\"><span class=\"vc_empty_space_inner\"><\/span><\/div><\/div><\/div><\/div><\/div><div class=\"vc_row wpb_row vc_row-fluid shape_divider_top-none shape_divider_bottom-none\"><div class=\"wpb_column vc_column_container vc_col-sm-12 sc_layouts_column_icons_position_left\"><div class=\"vc_column-inner\"><div class=\"wpb_wrapper\"><div id=\"slid1\" class=\"widget_area sc_widget_slider vc_widget_slider wpb_content_element\"><aside id=\"slid1_widget\" class=\"widget widget_slider\">\t\t\t<div class=\"slider_wrap slider_engine_swiper\">\n\t\t\t\t<div id=\"slid1_outer\" class=\"slider_outer slider_swiper_outer slider_style_modern slider_outer_direction_horizontal slider_outer_one slider_outer_pagination slider_outer_pagination_bullets slider_outer_pagination_pos_bottom slider_outer_controls slider_outer_controls_outside slider_outer_titles_center slider_outer_notitles\"><div id=\"slid1_swiper\" class=\"slider_container slider_swiper swiper-slider-container slider_controls slider_controls_outside slider_titles_center slider_resize slider_height_auto slider_direction_horizontal slider_pagination slider_pagination_bullets slider_pagination_pos_bottom slider_one slider_type_bg\" data-ratio=\"16:9\" data-interval=\"7000\" data-effect=\"coverflow\" data-pagination=\"bullets\" data-direction=\"horizontal\" data-slides-per-view=\"1\" data-slides-space=\"0\" data-slides-min-width=\"150\"><div class=\"slider-wrapper swiper-wrapper\"><div  class=\"slider-slide swiper-slide lazyload\" data-image=\"https:\/\/castellgardenylleida.com\/wp-content\/uploads\/2019\/10\/castellvg.jpg\" style=\"background-image:inherit;\" data-bg-image=\"url(https:\/\/castellgardenylleida.com\/wp-content\/uploads\/2019\/10\/castellvg.jpg)\"><\/div><div  class=\"slider-slide swiper-slide lazyload\" data-image=\"https:\/\/castellgardenylleida.com\/wp-content\/uploads\/2018\/03\/WhatsApp-Image-2019-09-26-at-17.12.51-1.jpeg\" style=\"background-image:inherit;\" data-bg-image=\"url(https:\/\/castellgardenylleida.com\/wp-content\/uploads\/2018\/03\/WhatsApp-Image-2019-09-26-at-17.12.51-1.jpeg)\"><\/div><div  class=\"slider-slide swiper-slide lazyload\" data-image=\"https:\/\/castellgardenylleida.com\/wp-content\/uploads\/2018\/03\/WhatsApp-Image-2019-09-26-at-17.12.51-2.jpeg\" style=\"background-image:inherit;\" data-bg-image=\"url(https:\/\/castellgardenylleida.com\/wp-content\/uploads\/2018\/03\/WhatsApp-Image-2019-09-26-at-17.12.51-2.jpeg)\"><\/div><div  class=\"slider-slide swiper-slide lazyload\" data-image=\"https:\/\/castellgardenylleida.com\/wp-content\/uploads\/2018\/05\/image-1.jpg\" style=\"background-image:inherit;\" data-bg-image=\"url(https:\/\/castellgardenylleida.com\/wp-content\/uploads\/2018\/05\/image-1.jpg)\"><\/div><div  class=\"slider-slide swiper-slide lazyload\" data-image=\"https:\/\/castellgardenylleida.com\/wp-content\/uploads\/2018\/03\/WhatsApp-Image-2019-09-26-at-17.12.51-3.jpeg\" style=\"background-image:inherit;\" data-bg-image=\"url(https:\/\/castellgardenylleida.com\/wp-content\/uploads\/2018\/03\/WhatsApp-Image-2019-09-26-at-17.12.51-3.jpeg)\"><\/div><div  class=\"slider-slide swiper-slide lazyload\" data-image=\"https:\/\/castellgardenylleida.com\/wp-content\/uploads\/2019\/10\/castellvg2.jpg\" style=\"background-image:inherit;\" data-bg-image=\"url(https:\/\/castellgardenylleida.com\/wp-content\/uploads\/2019\/10\/castellvg2.jpg)\"><\/div><div  class=\"slider-slide swiper-slide lazyload\" data-image=\"https:\/\/castellgardenylleida.com\/wp-content\/uploads\/2018\/03\/WhatsApp-Image-2019-09-26-at-17.12.52.jpeg\" style=\"background-image:inherit;\" data-bg-image=\"url(https:\/\/castellgardenylleida.com\/wp-content\/uploads\/2018\/03\/WhatsApp-Image-2019-09-26-at-17.12.52.jpeg)\"><\/div><div  class=\"slider-slide swiper-slide lazyload\" data-image=\"https:\/\/castellgardenylleida.com\/wp-content\/uploads\/2018\/03\/WhatsApp-Image-2019-09-26-at-17.12.52-2.jpeg\" style=\"background-image:inherit;\" data-bg-image=\"url(https:\/\/castellgardenylleida.com\/wp-content\/uploads\/2018\/03\/WhatsApp-Image-2019-09-26-at-17.12.52-2.jpeg)\"><\/div><\/div><!-- \/.slider-wrapper --><div class=\"slider_pagination_wrap swiper-pagination\"><\/div><\/div><!-- \/.slider_container --><div class=\"slider_controls_wrap\"><a class=\"slider_prev swiper-button-prev\" href=\"#\"><span class=\"slider_controls_label\"><span>Prev<\/span><span>PHOTO<\/span><\/span><\/a><a class=\"slider_next swiper-button-next\" href=\"#\"><span class=\"slider_controls_label\"><span>Next<\/span><span>PHOTO<\/span><\/span><\/a><\/div><\/div><!-- \/.slider_outer -->\t\t\t<\/div>\n\t\t\t<\/aside><\/div><\/div><\/div><\/div><\/div><div class=\"vc_row wpb_row vc_row-fluid shape_divider_top-none shape_divider_bottom-none\"><div class=\"wpb_column vc_column_container vc_col-sm-12 sc_layouts_column_icons_position_left\"><div class=\"vc_column-inner\"><div class=\"wpb_wrapper\"><div class=\"vc_empty_space\"   style=\"height: 8rem\"><span class=\"vc_empty_space_inner\"><\/span><\/div><div id=\"slider_controller_430653981\" class=\"sc_slider_controller sc_slider_controller_thumbs sc_slider_controller_horizontal sc_slider_controller_height_fixed\" data-slider-id=\"slid1\" data-style=\"thumbs\" data-controls=\"0\" data-interval=\"7000\" data-effect=\"slide\" data-direction=\"horizontal\" data-slides-per-view=\"3\" data-slides-space=\"10\" data-height=\"100px\"><\/div><\/div><\/div><\/div><\/div><\/div><\/div><\/div><\/div><\/div><div class=\"vc_row-full-width vc_clearfix\"><\/div><div data-vc-full-width=\"true\" data-vc-full-width-init=\"false\" data-vc-stretch-content=\"true\" class=\"vc_row wpb_row vc_row-fluid vc_row-no-padding shape_divider_top-none shape_divider_bottom-none\"><div class=\"wpb_column vc_column_container vc_col-sm-12 sc_layouts_column_icons_position_left\"><div class=\"vc_column-inner\"><div class=\"wpb_wrapper\">\n\t<div  class=\"wpb_single_image wpb_content_element vc_align_left wpb_content_element\">\n\t\t\n\t\t<figure class=\"wpb_wrapper vc_figure\">\n\t\t\t<div class=\"vc_single_image-wrapper   vc_box_border_grey\"><img decoding=\"async\" width=\"1950\" height=\"99\" data-src=\"https:\/\/castellgardenylleida.com\/wp-content\/uploads\/2018\/03\/bottom_dark-2.png\" class=\"vc_single_image-img attachment-full lazyload\" alt=\"\" title=\"bottom_dark\" data-srcset=\"https:\/\/castellgardenylleida.com\/wp-content\/uploads\/2018\/03\/bottom_dark-2.png 1950w, https:\/\/castellgardenylleida.com\/wp-content\/uploads\/2018\/03\/bottom_dark-2-300x15.png 300w, https:\/\/castellgardenylleida.com\/wp-content\/uploads\/2018\/03\/bottom_dark-2-768x39.png 768w, https:\/\/castellgardenylleida.com\/wp-content\/uploads\/2018\/03\/bottom_dark-2-1024x52.png 1024w, https:\/\/castellgardenylleida.com\/wp-content\/uploads\/2018\/03\/bottom_dark-2-370x19.png 370w, https:\/\/castellgardenylleida.com\/wp-content\/uploads\/2018\/03\/bottom_dark-2-760x39.png 760w, https:\/\/castellgardenylleida.com\/wp-content\/uploads\/2018\/03\/bottom_dark-2-1520x77.png 1520w, https:\/\/castellgardenylleida.com\/wp-content\/uploads\/2018\/03\/bottom_dark-2-740x38.png 740w\" data-sizes=\"(max-width: 1950px) 100vw, 1950px\" src=\"data:image\/gif;base64,R0lGODlhAQABAAAAACH5BAEKAAEALAAAAAABAAEAAAICTAEAOw==\" style=\"--smush-placeholder-width: 1950px; --smush-placeholder-aspect-ratio: 1950\/99;\" \/><\/div>\n\t\t<\/figure>\n\t<\/div>\n<\/div><\/div><\/div><\/div><div class=\"vc_row-full-width vc_clearfix\"><\/div><div class=\"vc_row wpb_row vc_row-fluid shape_divider_top-none shape_divider_bottom-none\"><div class=\"wpb_column vc_column_container vc_col-sm-12 sc_layouts_column_icons_position_left\"><div class=\"vc_column-inner\"><div class=\"wpb_wrapper\">\n\t<div class=\"wpb_text_column wpb_content_element\" >\n\t\t<div class=\"wpb_wrapper\">\n\t\t\t<h3>&#8211; TARIFES<\/h3>\n<p>\u2022 Entrada general: 3\u20ac<\/p>\n<p>\u2022 Entrada redu\u00efda: 2\u20ac<br \/>\n+Grups (+ de 10 pax i fins a 30 pax m\u00e0x), majors de 65 anys, pensionistes (carnet de pensionista), Joves de 13 a 21 anys, titulars de Carnet Jove, titulars de carnet d\u2019estudiant, titular de carnet de fam\u00edlia nombrosa, operadors tur\u00edstics (paquets de 150 entrades), membres APTALC, Amics de la Seu Vella, socis Ateneu Popular de Ponent, titulars del Carnet del Centre Titelles de Lleida.<\/p>\n<p>\u2022 Entrada gratu\u00efta: Nens de 0 a 12 anys, persones amb discapacitat f\u00edsica o ps\u00edquica, col\u2022lectius escolars i universitaris en horari escolar acompanyats per un professor, accions de promoci\u00f3 i comercialitzaci\u00f3 de Turisme de Lleida, Emocity, Tiquet aprofita els 18 \u2013 Joventut Ajuntament, guies oficials de turisme, titulars del Tr3sC, Club S\u00faper3, usuaris del Bus Tur\u00edstic d&#8217;Estiu, titulars carnet Biblioteca P\u00fablica de Lleida, dies de la fsta local (11 maig i 29 setembre)<\/p>\n<p>\u2022 Entrada gratu\u00efta pels socis de l&#8217;Associaci\u00f3 Cultural Castell de Gardeny<\/p>\n<p>\u2022 Entrada visites guiades: 8\u20ac<\/p>\n<p>Pr\u00e8via reserva a: infoturisme@paeria.cat o al tel\u00e8fon 973 700 319 (Places limitades)<\/p>\n\n\t\t<\/div>\n\t<\/div>\n<\/div><\/div><\/div><\/div><div class=\"vc_row wpb_row vc_row-fluid shape_divider_top-none shape_divider_bottom-none\"><div class=\"wpb_column vc_column_container vc_col-sm-12 vc_col-xs-12 sc_layouts_column_icons_position_left\"><div class=\"vc_column-inner\"><div class=\"wpb_wrapper\"><div class=\"vc_empty_space\"   style=\"height: 30px\"><span class=\"vc_empty_space_inner\"><\/span><\/div>\n\t<div class=\"wpb_text_column wpb_content_element\" >\n\t\t<div class=\"wpb_wrapper\">\n\t\t\t<h3><strong>&#8211; Horari Visita Castell<\/strong><\/h3>\n<p><strong>\u2022 De dimecres a diumenge (festius inclosos) de 9.00h a 15.00h<\/strong><\/p>\n<h3><strong>&#8211; Visites Guiades Castell<\/strong><\/h3>\n<p><strong>\u2022 Dissabtes, diumenges i festius: 12.00h (dissabte en castell\u00e0 i diumenge en catal\u00e0)<\/strong><\/p>\n<p><strong>\u2022 Templer per un dia &#8211; segon diumenge de cada mes a les 11.00 h<\/strong><\/p>\n\n\t\t<\/div>\n\t<\/div>\n<div class=\"vc_empty_space\"   style=\"height: 60px\"><span class=\"vc_empty_space_inner\"><\/span><\/div>\n\t<div class=\"wpb_text_column wpb_content_element\" >\n\t\t<div class=\"wpb_wrapper\">\n\t\t\t<h6><a href=\"https:\/\/www.google.es\/maps\/place\/Esgl%C3%A9sia+de+Santa+Maria\/@41.6086922,0.6141091,235m\/data=!3m1!1e3!4m5!3m4!1s0x0:0xedd68755cfffd3e9!8m2!3d41.6084922!4d0.6145511\" target=\"_blank\" rel=\"noopener\">Latitud Norte 41\u00b0 36\u2019 31.06\u201d<br \/>\nLongitud Este 0\u00b0 36\u2019 43.606\u201d<br \/>\n<strong>GD:<\/strong><br \/>\nLatitud 41.608628<br \/>\nLongitud 0.612113<\/a><\/h6>\n\n\t\t<\/div>\n\t<\/div>\n<\/div><\/div><\/div><\/div><div class=\"vc_row wpb_row vc_row-fluid shape_divider_top-none shape_divider_bottom-none\"><div class=\"wpb_column vc_column_container vc_col-sm-12 sc_layouts_column_icons_position_left\"><div class=\"vc_column-inner\"><div class=\"wpb_wrapper\"><div class=\"vc_empty_space\"   style=\"height: 60px\"><span class=\"vc_empty_space_inner\"><\/span><\/div><\/div><\/div><\/div><\/div>\n<\/div>","protected":false},"excerpt":{"rendered":"HORARIS VISITA PrevPHOTONextPHOTO","protected":false},"author":1,"featured_media":0,"parent":0,"menu_order":0,"comment_status":"closed","ping_status":"closed","template":"","meta":{"footnotes":""},"class_list":["post-1306","page","type-page","status-publish","hentry"],"yoast_head":"<!-- This site is optimized with the Yoast SEO plugin v24.8.1 - https:\/\/yoast.com\/wordpress\/plugins\/seo\/ -->\n<title>VISITES - Castell Gardeny Lleida<\/title>\n<meta name=\"robots\" content=\"index, follow, max-snippet:-1, max-image-preview:large, max-video-preview:-1\" \/>\n<link rel=\"canonical\" href=\"https:\/\/castellgardenylleida.com\/ca\/visites-guiades\/\" \/>\n<meta property=\"og:locale\" content=\"ca_ES\" \/>\n<meta property=\"og:type\" content=\"article\" \/>\n<meta property=\"og:title\" content=\"VISITES - Castell Gardeny Lleida\" \/>\n<meta property=\"og:url\" content=\"https:\/\/castellgardenylleida.com\/ca\/visites-guiades\/\" \/>\n<meta property=\"og:site_name\" content=\"Castell Gardeny Lleida\" \/>\n<meta property=\"article:modified_time\" content=\"2025-10-02T10:58:20+00:00\" \/>\n<meta name=\"twitter:card\" content=\"summary_large_image\" \/>\n<meta name=\"twitter:label1\" content=\"Temps estimat de lectura\" \/>\n\t<meta name=\"twitter:data1\" content=\"2 minuts\" \/>\n<script type=\"application\/ld+json\" class=\"yoast-schema-graph\">{\"@context\":\"https:\/\/schema.org\",\"@graph\":[{\"@type\":\"WebPage\",\"@id\":\"https:\/\/castellgardenylleida.com\/ca\/visites-guiades\/\",\"url\":\"https:\/\/castellgardenylleida.com\/ca\/visites-guiades\/\",\"name\":\"VISITES - Castell Gardeny Lleida\",\"isPartOf\":{\"@id\":\"https:\/\/castellgardenylleida.com\/ca\/#website\"},\"datePublished\":\"2019-09-27T04:25:14+00:00\",\"dateModified\":\"2025-10-02T10:58:20+00:00\",\"breadcrumb\":{\"@id\":\"https:\/\/castellgardenylleida.com\/ca\/visites-guiades\/#breadcrumb\"},\"inLanguage\":\"ca\",\"potentialAction\":[{\"@type\":\"ReadAction\",\"target\":[\"https:\/\/castellgardenylleida.com\/ca\/visites-guiades\/\"]}]},{\"@type\":\"BreadcrumbList\",\"@id\":\"https:\/\/castellgardenylleida.com\/ca\/visites-guiades\/#breadcrumb\",\"itemListElement\":[{\"@type\":\"ListItem\",\"position\":1,\"name\":\"Portada\",\"item\":\"https:\/\/castellgardenylleida.com\/\"},{\"@type\":\"ListItem\",\"position\":2,\"name\":\"VISITES\"}]},{\"@type\":\"WebSite\",\"@id\":\"https:\/\/castellgardenylleida.com\/ca\/#website\",\"url\":\"https:\/\/castellgardenylleida.com\/ca\/\",\"name\":\"Castell Gardeny Lleida\",\"description\":\"turo de gardeny\",\"publisher\":{\"@id\":\"https:\/\/castellgardenylleida.com\/ca\/#organization\"},\"potentialAction\":[{\"@type\":\"SearchAction\",\"target\":{\"@type\":\"EntryPoint\",\"urlTemplate\":\"https:\/\/castellgardenylleida.com\/ca\/?s={search_term_string}\"},\"query-input\":{\"@type\":\"PropertyValueSpecification\",\"valueRequired\":true,\"valueName\":\"search_term_string\"}}],\"inLanguage\":\"ca\"},{\"@type\":\"Organization\",\"@id\":\"https:\/\/castellgardenylleida.com\/ca\/#organization\",\"name\":\"Castell Gardeny Lleida\",\"url\":\"https:\/\/castellgardenylleida.com\/ca\/\",\"logo\":{\"@type\":\"ImageObject\",\"inLanguage\":\"ca\",\"@id\":\"https:\/\/castellgardenylleida.com\/ca\/#\/schema\/logo\/image\/\",\"url\":\"https:\/\/castellgardenylleida.com\/wp-content\/uploads\/2019\/09\/cropped-LOGOTIP_ACCG_blanc.png\",\"contentUrl\":\"https:\/\/castellgardenylleida.com\/wp-content\/uploads\/2019\/09\/cropped-LOGOTIP_ACCG_blanc.png\",\"width\":500,\"height\":199,\"caption\":\"Castell Gardeny Lleida\"},\"image\":{\"@id\":\"https:\/\/castellgardenylleida.com\/ca\/#\/schema\/logo\/image\/\"}}]}<\/script>\n<!-- \/ Yoast SEO plugin. -->","yoast_head_json":{"title":"VISITES - Castell Gardeny Lleida","robots":{"index":"index","follow":"follow","max-snippet":"max-snippet:-1","max-image-preview":"max-image-preview:large","max-video-preview":"max-video-preview:-1"},"canonical":"https:\/\/castellgardenylleida.com\/ca\/visites-guiades\/","og_locale":"ca_ES","og_type":"article","og_title":"VISITES - Castell Gardeny Lleida","og_url":"https:\/\/castellgardenylleida.com\/ca\/visites-guiades\/","og_site_name":"Castell Gardeny Lleida","article_modified_time":"2025-10-02T10:58:20+00:00","twitter_card":"summary_large_image","twitter_misc":{"Temps estimat de lectura":"2 minuts"},"schema":{"@context":"https:\/\/schema.org","@graph":[{"@type":"WebPage","@id":"https:\/\/castellgardenylleida.com\/ca\/visites-guiades\/","url":"https:\/\/castellgardenylleida.com\/ca\/visites-guiades\/","name":"VISITES - Castell Gardeny Lleida","isPartOf":{"@id":"https:\/\/castellgardenylleida.com\/ca\/#website"},"datePublished":"2019-09-27T04:25:14+00:00","dateModified":"2025-10-02T10:58:20+00:00","breadcrumb":{"@id":"https:\/\/castellgardenylleida.com\/ca\/visites-guiades\/#breadcrumb"},"inLanguage":"ca","potentialAction":[{"@type":"ReadAction","target":["https:\/\/castellgardenylleida.com\/ca\/visites-guiades\/"]}]},{"@type":"BreadcrumbList","@id":"https:\/\/castellgardenylleida.com\/ca\/visites-guiades\/#breadcrumb","itemListElement":[{"@type":"ListItem","position":1,"name":"Portada","item":"https:\/\/castellgardenylleida.com\/"},{"@type":"ListItem","position":2,"name":"VISITES"}]},{"@type":"WebSite","@id":"https:\/\/castellgardenylleida.com\/ca\/#website","url":"https:\/\/castellgardenylleida.com\/ca\/","name":"Castell Gardeny Lleida","description":"turo de gardeny","publisher":{"@id":"https:\/\/castellgardenylleida.com\/ca\/#organization"},"potentialAction":[{"@type":"SearchAction","target":{"@type":"EntryPoint","urlTemplate":"https:\/\/castellgardenylleida.com\/ca\/?s={search_term_string}"},"query-input":{"@type":"PropertyValueSpecification","valueRequired":true,"valueName":"search_term_string"}}],"inLanguage":"ca"},{"@type":"Organization","@id":"https:\/\/castellgardenylleida.com\/ca\/#organization","name":"Castell Gardeny Lleida","url":"https:\/\/castellgardenylleida.com\/ca\/","logo":{"@type":"ImageObject","inLanguage":"ca","@id":"https:\/\/castellgardenylleida.com\/ca\/#\/schema\/logo\/image\/","url":"https:\/\/castellgardenylleida.com\/wp-content\/uploads\/2019\/09\/cropped-LOGOTIP_ACCG_blanc.png","contentUrl":"https:\/\/castellgardenylleida.com\/wp-content\/uploads\/2019\/09\/cropped-LOGOTIP_ACCG_blanc.png","width":500,"height":199,"caption":"Castell Gardeny Lleida"},"image":{"@id":"https:\/\/castellgardenylleida.com\/ca\/#\/schema\/logo\/image\/"}}]}},"_links":{"self":[{"href":"https:\/\/castellgardenylleida.com\/ca\/wp-json\/wp\/v2\/pages\/1306","targetHints":{"allow":["GET"]}}],"collection":[{"href":"https:\/\/castellgardenylleida.com\/ca\/wp-json\/wp\/v2\/pages"}],"about":[{"href":"https:\/\/castellgardenylleida.com\/ca\/wp-json\/wp\/v2\/types\/page"}],"author":[{"embeddable":true,"href":"https:\/\/castellgardenylleida.com\/ca\/wp-json\/wp\/v2\/users\/1"}],"replies":[{"embeddable":true,"href":"https:\/\/castellgardenylleida.com\/ca\/wp-json\/wp\/v2\/comments?post=1306"}],"version-history":[{"count":156,"href":"https:\/\/castellgardenylleida.com\/ca\/wp-json\/wp\/v2\/pages\/1306\/revisions"}],"predecessor-version":[{"id":2354,"href":"https:\/\/castellgardenylleida.com\/ca\/wp-json\/wp\/v2\/pages\/1306\/revisions\/2354"}],"wp:attachment":[{"href":"https:\/\/castellgardenylleida.com\/ca\/wp-json\/wp\/v2\/media?parent=1306"}],"curies":[{"name":"wp","href":"https:\/\/api.w.org\/{rel}","templated":true}]}}