{"id":1175,"date":"2019-09-24T13:38:29","date_gmt":"2019-09-24T13:38:29","guid":{"rendered":"http:\/\/castellgardenylleida.com\/?page_id=1175"},"modified":"2025-10-23T10:35:41","modified_gmt":"2025-10-23T10:35:41","slug":"fes-te-soci-a","status":"publish","type":"page","link":"https:\/\/castellgardenylleida.com\/ca\/fes-te-soci-a\/","title":{"rendered":"Fes-te soci\/a"},"content":{"rendered":"<div class=\"wpb-content-wrapper\"><div class=\"vc_row wpb_row vc_row-fluid shape_divider_top-none shape_divider_bottom-none\"><div class=\"wpb_column vc_column_container vc_col-sm-12 sc_layouts_column_icons_position_left\"><div class=\"vc_column-inner\"><div class=\"wpb_wrapper\"><div class=\"vc_empty_space\"   style=\"height: 60px\"><span class=\"vc_empty_space_inner\"><\/span><\/div><div class=\"vc_empty_space  hide_on_desktop hide_on_notebook hide_on_tablet\"   style=\"height: 480px\"><span class=\"vc_empty_space_inner\"><\/span><\/div>\n\t<div class=\"wpb_text_column wpb_content_element\" >\n\t\t<div class=\"wpb_wrapper\">\n\t\t\t<h3 class=\"wp-block-heading\">Fes-te soci\/a<\/h3>\n<p>&nbsp;<\/p>\n\n\t\t<\/div>\n\t<\/div>\n<div class=\"vc_empty_space\"   style=\"height: 20px\"><span class=\"vc_empty_space_inner\"><\/span><\/div>\n<div class=\"wpcf7 no-js\" id=\"wpcf7-f2179-o1\" lang=\"es-ES\" dir=\"ltr\" data-wpcf7-id=\"2179\">\n<div class=\"screen-reader-response\"><p role=\"status\" aria-live=\"polite\" aria-atomic=\"true\"><\/p> <ul><\/ul><\/div>\n<form action=\"\/ca\/wp-json\/wp\/v2\/pages\/1175#wpcf7-f2179-o1\" method=\"post\" class=\"wpcf7-form init\" aria-label=\"Formulario de contacto\" novalidate=\"novalidate\" data-status=\"init\" data-trp-original-action=\"\/ca\/wp-json\/wp\/v2\/pages\/1175#wpcf7-f2179-o1\">\n<div style=\"display: none;\">\n<input type=\"hidden\" name=\"_wpcf7\" value=\"2179\" \/>\n<input type=\"hidden\" name=\"_wpcf7_version\" value=\"6.0.5\" \/>\n<input type=\"hidden\" name=\"_wpcf7_locale\" value=\"es_ES\" \/>\n<input type=\"hidden\" name=\"_wpcf7_unit_tag\" value=\"wpcf7-f2179-o1\" \/>\n<input type=\"hidden\" name=\"_wpcf7_container_post\" value=\"0\" \/>\n<input type=\"hidden\" name=\"_wpcf7_posted_data_hash\" value=\"\" \/>\n<input type=\"hidden\" name=\"_wpcf7_recaptcha_response\" value=\"\" \/>\n<\/div>\n<div style=\"text-align: left !important; margin-left: 0 !important; max-width: 500px;\">\n\t<p><strong>DADES PERSONALS<\/strong>\n\t<\/p>\n\t<p>Nom:<br \/>\n<span class=\"wpcf7-form-control-wrap\" data-name=\"nom\"><input size=\"40\" maxlength=\"400\" class=\"wpcf7-form-control wpcf7-text wpcf7-validates-as-required\" aria-required=\"true\" aria-invalid=\"false\" value=\"\" type=\"text\" name=\"nom\" \/><\/span>\n\t<\/p>\n\t<p>Cognoms:<br \/>\n<span class=\"wpcf7-form-control-wrap\" data-name=\"cognoms\"><input size=\"40\" maxlength=\"400\" class=\"wpcf7-form-control wpcf7-text wpcf7-validates-as-required\" aria-required=\"true\" aria-invalid=\"false\" value=\"\" type=\"text\" name=\"cognoms\" \/><\/span>\n\t<\/p>\n\t<p>Nacionalitat:<br \/>\n<span class=\"wpcf7-form-control-wrap\" data-name=\"nacionalitat\"><input size=\"40\" maxlength=\"400\" class=\"wpcf7-form-control wpcf7-text wpcf7-validates-as-required\" aria-required=\"true\" aria-invalid=\"false\" value=\"\" type=\"text\" name=\"nacionalitat\" \/><\/span>\n\t<\/p>\n\t<p>Data de naixement:<br \/>\n<span class=\"wpcf7-form-control-wrap\" data-name=\"data-naixement\"><input class=\"wpcf7-form-control wpcf7-date wpcf7-validates-as-required wpcf7-validates-as-date\" aria-required=\"true\" aria-invalid=\"false\" value=\"\" type=\"date\" name=\"data-naixement\" \/><\/span>\n\t<\/p>\n\t<p>Document d'identitat:<br \/>\n<span class=\"wpcf7-form-control-wrap\" data-name=\"document-identitat\"><input size=\"40\" maxlength=\"400\" class=\"wpcf7-form-control wpcf7-text wpcf7-validates-as-required\" aria-required=\"true\" aria-invalid=\"false\" value=\"\" type=\"text\" name=\"document-identitat\" \/><\/span>\n\t<\/p>\n\t<p><strong>DADES DE LOCALITZACI\u00d3<\/strong>\n\t<\/p>\n\t<p>Adre\u00e7a:<br \/>\n<span class=\"wpcf7-form-control-wrap\" data-name=\"direccion\"><input size=\"40\" maxlength=\"400\" class=\"wpcf7-form-control wpcf7-text wpcf7-validates-as-required\" aria-required=\"true\" aria-invalid=\"false\" value=\"\" type=\"text\" name=\"direccion\" \/><\/span>\n\t<\/p>\n\t<p>Municipi:<br \/>\n<span class=\"wpcf7-form-control-wrap\" data-name=\"municipi\"><input size=\"40\" maxlength=\"400\" class=\"wpcf7-form-control wpcf7-text wpcf7-validates-as-required\" aria-required=\"true\" aria-invalid=\"false\" value=\"\" type=\"text\" name=\"municipi\" \/><\/span>\n\t<\/p>\n\t<p>Prov\u00edncia:<br \/>\n<span class=\"wpcf7-form-control-wrap\" data-name=\"provincia\"><input size=\"40\" maxlength=\"400\" class=\"wpcf7-form-control wpcf7-text wpcf7-validates-as-required\" aria-required=\"true\" aria-invalid=\"false\" value=\"\" type=\"text\" name=\"provincia\" \/><\/span>\n\t<\/p>\n\t<p>CP:<br \/>\n<span class=\"wpcf7-form-control-wrap\" data-name=\"cp\"><input size=\"20\" maxlength=\"400\" class=\"wpcf7-form-control wpcf7-text wpcf7-validates-as-required\" aria-required=\"true\" aria-invalid=\"false\" value=\"\" type=\"text\" name=\"cp\" \/><\/span>\n\t<\/p>\n\t<p>Tel\u00e8fon fix\/m\u00f2bil:<br \/>\n<span class=\"wpcf7-form-control-wrap\" data-name=\"telefon\"><input size=\"30\" maxlength=\"400\" class=\"wpcf7-form-control wpcf7-text wpcf7-validates-as-required\" aria-required=\"true\" aria-invalid=\"false\" value=\"\" type=\"text\" name=\"telefon\" \/><\/span>\n\t<\/p>\n\t<p>Adre\u00e7a electr\u00f2nica:<br \/>\n<span class=\"wpcf7-form-control-wrap\" data-name=\"email\"><input size=\"40\" maxlength=\"400\" class=\"wpcf7-form-control wpcf7-email wpcf7-validates-as-required wpcf7-text wpcf7-validates-as-email\" aria-required=\"true\" aria-invalid=\"false\" value=\"\" type=\"email\" name=\"email\" \/><\/span>\n\t<\/p>\n\t<p><strong>TIPUS D'APORTACI\u00d3 ANUAL<\/strong>\n\t<\/p>\n\t<p><span class=\"wpcf7-form-control-wrap\" data-name=\"tipus-aportacio\"><span class=\"wpcf7-form-control wpcf7-radio\"><span class=\"wpcf7-list-item first\"><input type=\"radio\" name=\"tipus-aportacio\" value=\"Familiar (40 \u20ac)\" \/><span class=\"wpcf7-list-item-label\">Familiar (40 \u20ac)<\/span><\/span><span class=\"wpcf7-list-item last\"><input type=\"radio\" name=\"tipus-aportacio\" value=\"Individual (25 \u20ac)\" \/><span class=\"wpcf7-list-item-label\">Individual (25 \u20ac)<\/span><\/span><\/span><\/span>\n\t<\/p>\n\t<p>Nom de la parella:<br \/>\n<span class=\"wpcf7-form-control-wrap\" data-name=\"nom-parella\"><input size=\"40\" maxlength=\"400\" class=\"wpcf7-form-control wpcf7-text\" aria-invalid=\"false\" value=\"\" type=\"text\" name=\"nom-parella\" \/><\/span>\n\t<\/p>\n\t<p>Nom dels fills\/es:<br \/>\n<span class=\"wpcf7-form-control-wrap\" data-name=\"nom-fills\"><input size=\"40\" maxlength=\"400\" class=\"wpcf7-form-control wpcf7-text\" aria-invalid=\"false\" value=\"\" type=\"text\" name=\"nom-fills\" \/><\/span>\n\t<\/p>\n<\/div>\n<div style=\"text-align: left !important; margin-left: 0 !important;\">\n\t<p><strong>DADES BANC\u00c0RIES<\/strong>\n\t<\/p>\n\t<p><span class=\"wpcf7-form-control-wrap\" data-name=\"Autoritzo\"><span class=\"wpcf7-form-control wpcf7-checkbox wpcf7-validates-as-required\"><span class=\"wpcf7-list-item first last\"><label><input type=\"checkbox\" name=\"Autoritzo[]\" value=\"Autoritzo a la meva entitat banc\u00e0ria que carregui al meu compte corrent els imports indicats en aquest full\" \/><span class=\"wpcf7-list-item-label\">Autoritzo a la meva entitat banc\u00e0ria que carregui al meu compte corrent els imports indicats en aquest full<\/span><\/label><\/span><\/span><\/span>\n\t<\/p>\n\t<p>Nom i cognoms del titular:<br \/>\n<span class=\"wpcf7-form-control-wrap\" data-name=\"nom-titular\"><input size=\"60\" maxlength=\"400\" class=\"wpcf7-form-control wpcf7-text\" aria-invalid=\"false\" value=\"\" type=\"text\" name=\"nom-titular\" \/><\/span>\n\t<\/p>\n\t<p>CODI IBAN:<br \/>\n<span class=\"wpcf7-form-control-wrap\" data-name=\"codi-iban\"><input size=\"60\" maxlength=\"400\" class=\"wpcf7-form-control wpcf7-text\" aria-invalid=\"false\" value=\"\" type=\"text\" name=\"codi-iban\" \/><\/span>\n\t<\/p>\n\t<p><strong>ASSOCIACI\u00d3 CULTURAL CASTELL DE GARDENY<\/strong>\n\t<\/p>\n\t<p>Pla\u00e7a Sant Lloren\u00e7 1, 25002, Lleida\n\t<\/p>\n\t<p>NIF: G25853516\n\t<\/p>\n\t<p>info@castellgardenylleida.com\n\t<\/p>\n\t<p>m\u00f2bil: 652 876 315\n\t<\/p>\n\t<p>Signat per:<br \/>\n<span class=\"wpcf7-form-control-wrap\" data-name=\"signatura\"><input size=\"60\" maxlength=\"400\" class=\"wpcf7-form-control wpcf7-text\" aria-invalid=\"false\" value=\"\" type=\"text\" name=\"signatura\" \/><\/span>\n\t<\/p>\n\t<p><input class=\"wpcf7-form-control wpcf7-submit has-spinner\" type=\"submit\" value=\"Fer-me soci\/a\" \/>\n\t<\/p>\n<\/div>\n<div style=\"text-align: left !important; margin-left: 0 !important; margin-top: 20px;\">\n\t<p><small style=\"display: block;\"><br \/>\nSignant aquest formulari d\u2019alta de soci i en virtut de la Llei Europea de protecci\u00f3 de dades 2016\/679 de 27 d\u2019abril, autoritzo al tractament i lliure disposici\u00f3 de les meves dades personals per a les exclusives finalitats de l\u2019associaci\u00f3. Autoritzo l\u2019associaci\u00f3 a utilitzar la meva imatge personal en els actes socials on jo participi, en virtut de la Llei 1\/1982 de 5 de maig. Autoritzo la Junta sortint a cedir les meves dades personals als candidats de l\u2019associaci\u00f3, en els casos previstos als estatuts en per\u00edode d\u2019eleccions. Tanmateix, autoritzo a l\u2019associaci\u00f3 a la gesti\u00f3 de les meves dades banc\u00e0ries, per al cobrament de les quotes consignades en aquest full i d\u2019altres quotes, derrames o altres pagaments de l\u2019associaci\u00f3 que succeeixin en el futur, pr\u00e8via comunicaci\u00f3 per la via acostumada. El dret de rectificaci\u00f3, acc\u00e9s o eliminaci\u00f3 de les meves dades les podr\u00e9 demanar a trav\u00e9s del correu electr\u00f2nic de l\u2019associaci\u00f3.<br \/>\n<\/small>\n\t<\/p>\n<\/div><div class=\"wpcf7-response-output\" aria-hidden=\"true\"><\/div>\n<input type=\"hidden\" name=\"trp-form-language\" value=\"ca\"\/><\/form>\n<\/div>\n<\/div><\/div><\/div><\/div><div class=\"vc_row wpb_row vc_row-fluid shape_divider_top-none shape_divider_bottom-none\"><div class=\"wpb_column vc_column_container vc_col-sm-12 sc_layouts_column_icons_position_left\"><div class=\"vc_column-inner\"><div class=\"wpb_wrapper\"><\/div><\/div><\/div><\/div><\/div>","protected":false},"excerpt":{"rendered":"Fes-te soci\/a &nbsp; DADES PERSONALS Nom: Cognoms: Nacionalitat: Data de naixement: Document d'identitat: DADES DE LOCALITZACI\u00d3 Adre\u00e7a: Municipi: Prov\u00edncia: CP: Tel\u00e8fon fix\/m\u00f2bil: Adre\u00e7a electr\u00f2nica: TIPUS D'APORTACI\u00d3 ANUAL Familiar (40 \u20ac)Individual (25 \u20ac) Nom de la&hellip;","protected":false},"author":1,"featured_media":0,"parent":0,"menu_order":0,"comment_status":"closed","ping_status":"closed","template":"","meta":{"footnotes":""},"class_list":["post-1175","page","type-page","status-publish","hentry"],"yoast_head":"<!-- This site is optimized with the Yoast SEO plugin v24.8.1 - https:\/\/yoast.com\/wordpress\/plugins\/seo\/ -->\n<title>Fes-te soci\/a - Castell Gardeny Lleida<\/title>\n<meta name=\"robots\" content=\"index, follow, max-snippet:-1, max-image-preview:large, max-video-preview:-1\" \/>\n<link rel=\"canonical\" href=\"https:\/\/castellgardenylleida.com\/ca\/fes-te-soci-a\/\" \/>\n<meta property=\"og:locale\" content=\"ca_ES\" \/>\n<meta property=\"og:type\" content=\"article\" \/>\n<meta property=\"og:title\" content=\"Fes-te soci\/a - Castell Gardeny Lleida\" \/>\n<meta property=\"og:url\" content=\"https:\/\/castellgardenylleida.com\/ca\/fes-te-soci-a\/\" \/>\n<meta property=\"og:site_name\" content=\"Castell Gardeny Lleida\" \/>\n<meta property=\"article:modified_time\" content=\"2025-10-23T10:35:41+00:00\" \/>\n<meta name=\"twitter:card\" content=\"summary_large_image\" \/>\n<meta name=\"twitter:label1\" content=\"Temps estimat de lectura\" \/>\n\t<meta name=\"twitter:data1\" content=\"1 minut\" \/>\n<script type=\"application\/ld+json\" class=\"yoast-schema-graph\">{\"@context\":\"https:\/\/schema.org\",\"@graph\":[{\"@type\":\"WebPage\",\"@id\":\"https:\/\/castellgardenylleida.com\/ca\/fes-te-soci-a\/\",\"url\":\"https:\/\/castellgardenylleida.com\/ca\/fes-te-soci-a\/\",\"name\":\"Fes-te soci\/a - Castell Gardeny Lleida\",\"isPartOf\":{\"@id\":\"https:\/\/castellgardenylleida.com\/ca\/#website\"},\"datePublished\":\"2019-09-24T13:38:29+00:00\",\"dateModified\":\"2025-10-23T10:35:41+00:00\",\"breadcrumb\":{\"@id\":\"https:\/\/castellgardenylleida.com\/ca\/fes-te-soci-a\/#breadcrumb\"},\"inLanguage\":\"ca\",\"potentialAction\":[{\"@type\":\"ReadAction\",\"target\":[\"https:\/\/castellgardenylleida.com\/ca\/fes-te-soci-a\/\"]}]},{\"@type\":\"BreadcrumbList\",\"@id\":\"https:\/\/castellgardenylleida.com\/ca\/fes-te-soci-a\/#breadcrumb\",\"itemListElement\":[{\"@type\":\"ListItem\",\"position\":1,\"name\":\"Portada\",\"item\":\"https:\/\/castellgardenylleida.com\/\"},{\"@type\":\"ListItem\",\"position\":2,\"name\":\"Fes-te soci\/a\"}]},{\"@type\":\"WebSite\",\"@id\":\"https:\/\/castellgardenylleida.com\/ca\/#website\",\"url\":\"https:\/\/castellgardenylleida.com\/ca\/\",\"name\":\"Castell Gardeny Lleida\",\"description\":\"turo de gardeny\",\"publisher\":{\"@id\":\"https:\/\/castellgardenylleida.com\/ca\/#organization\"},\"potentialAction\":[{\"@type\":\"SearchAction\",\"target\":{\"@type\":\"EntryPoint\",\"urlTemplate\":\"https:\/\/castellgardenylleida.com\/ca\/?s={search_term_string}\"},\"query-input\":{\"@type\":\"PropertyValueSpecification\",\"valueRequired\":true,\"valueName\":\"search_term_string\"}}],\"inLanguage\":\"ca\"},{\"@type\":\"Organization\",\"@id\":\"https:\/\/castellgardenylleida.com\/ca\/#organization\",\"name\":\"Castell Gardeny Lleida\",\"url\":\"https:\/\/castellgardenylleida.com\/ca\/\",\"logo\":{\"@type\":\"ImageObject\",\"inLanguage\":\"ca\",\"@id\":\"https:\/\/castellgardenylleida.com\/ca\/#\/schema\/logo\/image\/\",\"url\":\"https:\/\/castellgardenylleida.com\/wp-content\/uploads\/2019\/09\/cropped-LOGOTIP_ACCG_blanc.png\",\"contentUrl\":\"https:\/\/castellgardenylleida.com\/wp-content\/uploads\/2019\/09\/cropped-LOGOTIP_ACCG_blanc.png\",\"width\":500,\"height\":199,\"caption\":\"Castell Gardeny Lleida\"},\"image\":{\"@id\":\"https:\/\/castellgardenylleida.com\/ca\/#\/schema\/logo\/image\/\"}}]}<\/script>\n<!-- \/ Yoast SEO plugin. -->","yoast_head_json":{"title":"Fes-te soci\/a - Castell Gardeny Lleida","robots":{"index":"index","follow":"follow","max-snippet":"max-snippet:-1","max-image-preview":"max-image-preview:large","max-video-preview":"max-video-preview:-1"},"canonical":"https:\/\/castellgardenylleida.com\/ca\/fes-te-soci-a\/","og_locale":"ca_ES","og_type":"article","og_title":"Fes-te soci\/a - Castell Gardeny Lleida","og_url":"https:\/\/castellgardenylleida.com\/ca\/fes-te-soci-a\/","og_site_name":"Castell Gardeny Lleida","article_modified_time":"2025-10-23T10:35:41+00:00","twitter_card":"summary_large_image","twitter_misc":{"Temps estimat de lectura":"1 minut"},"schema":{"@context":"https:\/\/schema.org","@graph":[{"@type":"WebPage","@id":"https:\/\/castellgardenylleida.com\/ca\/fes-te-soci-a\/","url":"https:\/\/castellgardenylleida.com\/ca\/fes-te-soci-a\/","name":"Fes-te soci\/a - Castell Gardeny Lleida","isPartOf":{"@id":"https:\/\/castellgardenylleida.com\/ca\/#website"},"datePublished":"2019-09-24T13:38:29+00:00","dateModified":"2025-10-23T10:35:41+00:00","breadcrumb":{"@id":"https:\/\/castellgardenylleida.com\/ca\/fes-te-soci-a\/#breadcrumb"},"inLanguage":"ca","potentialAction":[{"@type":"ReadAction","target":["https:\/\/castellgardenylleida.com\/ca\/fes-te-soci-a\/"]}]},{"@type":"BreadcrumbList","@id":"https:\/\/castellgardenylleida.com\/ca\/fes-te-soci-a\/#breadcrumb","itemListElement":[{"@type":"ListItem","position":1,"name":"Portada","item":"https:\/\/castellgardenylleida.com\/"},{"@type":"ListItem","position":2,"name":"Fes-te soci\/a"}]},{"@type":"WebSite","@id":"https:\/\/castellgardenylleida.com\/ca\/#website","url":"https:\/\/castellgardenylleida.com\/ca\/","name":"Castell Gardeny Lleida","description":"turo de gardeny","publisher":{"@id":"https:\/\/castellgardenylleida.com\/ca\/#organization"},"potentialAction":[{"@type":"SearchAction","target":{"@type":"EntryPoint","urlTemplate":"https:\/\/castellgardenylleida.com\/ca\/?s={search_term_string}"},"query-input":{"@type":"PropertyValueSpecification","valueRequired":true,"valueName":"search_term_string"}}],"inLanguage":"ca"},{"@type":"Organization","@id":"https:\/\/castellgardenylleida.com\/ca\/#organization","name":"Castell Gardeny Lleida","url":"https:\/\/castellgardenylleida.com\/ca\/","logo":{"@type":"ImageObject","inLanguage":"ca","@id":"https:\/\/castellgardenylleida.com\/ca\/#\/schema\/logo\/image\/","url":"https:\/\/castellgardenylleida.com\/wp-content\/uploads\/2019\/09\/cropped-LOGOTIP_ACCG_blanc.png","contentUrl":"https:\/\/castellgardenylleida.com\/wp-content\/uploads\/2019\/09\/cropped-LOGOTIP_ACCG_blanc.png","width":500,"height":199,"caption":"Castell Gardeny Lleida"},"image":{"@id":"https:\/\/castellgardenylleida.com\/ca\/#\/schema\/logo\/image\/"}}]}},"_links":{"self":[{"href":"https:\/\/castellgardenylleida.com\/ca\/wp-json\/wp\/v2\/pages\/1175","targetHints":{"allow":["GET"]}}],"collection":[{"href":"https:\/\/castellgardenylleida.com\/ca\/wp-json\/wp\/v2\/pages"}],"about":[{"href":"https:\/\/castellgardenylleida.com\/ca\/wp-json\/wp\/v2\/types\/page"}],"author":[{"embeddable":true,"href":"https:\/\/castellgardenylleida.com\/ca\/wp-json\/wp\/v2\/users\/1"}],"replies":[{"embeddable":true,"href":"https:\/\/castellgardenylleida.com\/ca\/wp-json\/wp\/v2\/comments?post=1175"}],"version-history":[{"count":53,"href":"https:\/\/castellgardenylleida.com\/ca\/wp-json\/wp\/v2\/pages\/1175\/revisions"}],"predecessor-version":[{"id":2543,"href":"https:\/\/castellgardenylleida.com\/ca\/wp-json\/wp\/v2\/pages\/1175\/revisions\/2543"}],"wp:attachment":[{"href":"https:\/\/castellgardenylleida.com\/ca\/wp-json\/wp\/v2\/media?parent=1175"}],"curies":[{"name":"wp","href":"https:\/\/api.w.org\/{rel}","templated":true}]}}